{"id":15768,"date":"2024-02-02T17:33:09","date_gmt":"2024-02-02T17:33:09","guid":{"rendered":"https:\/\/www.bolboreta.es\/tienda\/?post_type=product&#038;p=15768"},"modified":"2025-07-04T10:51:16","modified_gmt":"2025-07-04T10:51:16","slug":"sandalias-de-tacon-brillos-negra-mariamare","status":"publish","type":"product","link":"https:\/\/www.bolboreta.es\/tienda\/producto\/sandalias-de-tacon-brillos-negra-mariamare\/","title":{"rendered":"Sandalias de tac\u00f3n brillos negra MARIAMARE"},"content":{"rendered":"<p>Sandalia de tac\u00f3n ancho Acala Mariamare para mujer. Dise\u00f1ada de color negro, su tejido es de efecto afelpado.<\/p>\n<p>Destacan especialmente por sus elegantes tiras que rodean el pie, las cuales est\u00e1n cubiertas de piedras decorativas brillantes.<\/p>\n<p>Cierre de hebilla ajustable al tobillo. Elegantes y originales, ser\u00e1n perfectas para las ocasiones m\u00e1s especiales.<\/p>\n<ul>\n<li class=\"attribute-values\">Tipo de tac\u00f3n: De aguja<\/li>\n<li class=\"attribute-values\">Tipo de puntera: Redonda<\/li>\n<li class=\"attribute-values\">Material de la suela: Sint\u00e9tica<\/li>\n<li class=\"attribute-values\">Material del interior: Sint\u00e9tico<\/li>\n<li class=\"attribute-values\">Material principal: Textil<\/li>\n<li class=\"attribute-values\">Material de la planta: Piel<\/li>\n<li class=\"attribute-values\">Tipo de cierre: Hebilla<\/li>\n<li class=\"attribute-values\">Estilo: Vestir<\/li>\n<li class=\"attribute-values\">Altura de tac\u00f3n: Muy Alto (M\u00e1s de 9 cm)<\/li>\n<li class=\"attribute-values\">Altura: 11.0<\/li>\n<\/ul>\n","protected":false},"excerpt":{"rendered":"<p>Sandalia de tac\u00f3n ancho Acala Mariamare para mujer. Dise\u00f1ada de color negro, su tejido es de efecto afelpado. Destacan especialmente por sus elegantes tiras que rodean el pie, las cuales est\u00e1n cubiertas de piedras decorativas brillantes. Cierre de hebilla ajustable al tobillo. Elegantes y originales, ser\u00e1n perfectas para las ocasiones m\u00e1s especiales. Tipo de tac\u00f3n: [&hellip;]<\/p>\n","protected":false},"featured_media":15776,"comment_status":"open","ping_status":"closed","template":"","meta":[],"yoast_head":"<!-- This site is optimized with the Yoast SEO plugin v15.9 - https:\/\/yoast.com\/wordpress\/plugins\/seo\/ -->\n<title>Sandalias de tac\u00f3n brillos negra MARIAMARE - bolboreta.es<\/title>\n<meta name=\"robots\" content=\"index, follow, max-snippet:-1, max-image-preview:large, max-video-preview:-1\" \/>\n<link rel=\"canonical\" href=\"https:\/\/www.bolboreta.es\/tienda\/producto\/sandalias-de-tacon-brillos-negra-mariamare\/\" \/>\n<meta property=\"og:locale\" content=\"es_ES\" \/>\n<meta property=\"og:type\" content=\"article\" \/>\n<meta property=\"og:title\" content=\"Sandalias de tac\u00f3n brillos negra MARIAMARE - bolboreta.es\" \/>\n<meta property=\"og:description\" content=\"Sandalia de tac\u00f3n ancho Acala Mariamare para mujer. Dise\u00f1ada de color negro, su tejido es de efecto afelpado. Destacan especialmente por sus elegantes tiras que rodean el pie, las cuales est\u00e1n cubiertas de piedras decorativas brillantes. Cierre de hebilla ajustable al tobillo. Elegantes y originales, ser\u00e1n perfectas para las ocasiones m\u00e1s especiales. Tipo de tac\u00f3n: [&hellip;]\" \/>\n<meta property=\"og:url\" content=\"https:\/\/www.bolboreta.es\/tienda\/producto\/sandalias-de-tacon-brillos-negra-mariamare\/\" \/>\n<meta property=\"og:site_name\" content=\"bolboreta.es\" \/>\n<meta property=\"article:modified_time\" content=\"2025-07-04T10:51:16+00:00\" \/>\n<meta property=\"og:image\" content=\"https:\/\/www.bolboreta.es\/tienda\/wp-content\/uploads\/2024\/02\/68342-C3931-MM-231-A-01.jpg\" \/>\n\t<meta property=\"og:image:width\" content=\"600\" \/>\n\t<meta property=\"og:image:height\" content=\"600\" \/>\n<meta name=\"twitter:card\" content=\"summary_large_image\" \/>\n<meta name=\"twitter:label1\" content=\"Tiempo de lectura\">\n\t<meta name=\"twitter:data1\" content=\"1 minuto\">\n<script type=\"application\/ld+json\" class=\"yoast-schema-graph\">{\"@context\":\"https:\/\/schema.org\",\"@graph\":[{\"@type\":\"WebSite\",\"@id\":\"https:\/\/www.bolboreta.es\/tienda\/#website\",\"url\":\"https:\/\/www.bolboreta.es\/tienda\/\",\"name\":\"bolboreta.es\",\"description\":\"ZAPATER\\u00cdA\",\"potentialAction\":[{\"@type\":\"SearchAction\",\"target\":\"https:\/\/www.bolboreta.es\/tienda\/?s={search_term_string}\",\"query-input\":\"required name=search_term_string\"}],\"inLanguage\":\"es\"},{\"@type\":\"ImageObject\",\"@id\":\"https:\/\/www.bolboreta.es\/tienda\/producto\/sandalias-de-tacon-brillos-negra-mariamare\/#primaryimage\",\"inLanguage\":\"es\",\"url\":\"https:\/\/www.bolboreta.es\/tienda\/wp-content\/uploads\/2024\/02\/68342-C3931-MM-231-A-01.jpg\",\"width\":600,\"height\":600},{\"@type\":\"WebPage\",\"@id\":\"https:\/\/www.bolboreta.es\/tienda\/producto\/sandalias-de-tacon-brillos-negra-mariamare\/#webpage\",\"url\":\"https:\/\/www.bolboreta.es\/tienda\/producto\/sandalias-de-tacon-brillos-negra-mariamare\/\",\"name\":\"Sandalias de tac\\u00f3n brillos negra MARIAMARE - bolboreta.es\",\"isPartOf\":{\"@id\":\"https:\/\/www.bolboreta.es\/tienda\/#website\"},\"primaryImageOfPage\":{\"@id\":\"https:\/\/www.bolboreta.es\/tienda\/producto\/sandalias-de-tacon-brillos-negra-mariamare\/#primaryimage\"},\"datePublished\":\"2024-02-02T17:33:09+00:00\",\"dateModified\":\"2025-07-04T10:51:16+00:00\",\"breadcrumb\":{\"@id\":\"https:\/\/www.bolboreta.es\/tienda\/producto\/sandalias-de-tacon-brillos-negra-mariamare\/#breadcrumb\"},\"inLanguage\":\"es\",\"potentialAction\":[{\"@type\":\"ReadAction\",\"target\":[\"https:\/\/www.bolboreta.es\/tienda\/producto\/sandalias-de-tacon-brillos-negra-mariamare\/\"]}]},{\"@type\":\"BreadcrumbList\",\"@id\":\"https:\/\/www.bolboreta.es\/tienda\/producto\/sandalias-de-tacon-brillos-negra-mariamare\/#breadcrumb\",\"itemListElement\":[{\"@type\":\"ListItem\",\"position\":1,\"item\":{\"@type\":\"WebPage\",\"@id\":\"https:\/\/www.bolboreta.es\/tienda\/\",\"url\":\"https:\/\/www.bolboreta.es\/tienda\/\",\"name\":\"Portada\"}},{\"@type\":\"ListItem\",\"position\":2,\"item\":{\"@type\":\"WebPage\",\"@id\":\"https:\/\/www.bolboreta.es\/tienda\/?page_id=4\",\"url\":\"https:\/\/www.bolboreta.es\/tienda\/?page_id=4\",\"name\":\"Prueba &#8220;Copia de Mar\\u00eda&#8221;\"}},{\"@type\":\"ListItem\",\"position\":3,\"item\":{\"@type\":\"WebPage\",\"@id\":\"https:\/\/www.bolboreta.es\/tienda\/producto\/sandalias-de-tacon-brillos-negra-mariamare\/\",\"url\":\"https:\/\/www.bolboreta.es\/tienda\/producto\/sandalias-de-tacon-brillos-negra-mariamare\/\",\"name\":\"Sandalias de tac\\u00f3n brillos negra MARIAMARE\"}}]}]}<\/script>\n<!-- \/ Yoast SEO plugin. -->","_links":{"self":[{"href":"https:\/\/www.bolboreta.es\/tienda\/wp-json\/wp\/v2\/product\/15768"}],"collection":[{"href":"https:\/\/www.bolboreta.es\/tienda\/wp-json\/wp\/v2\/product"}],"about":[{"href":"https:\/\/www.bolboreta.es\/tienda\/wp-json\/wp\/v2\/types\/product"}],"replies":[{"embeddable":true,"href":"https:\/\/www.bolboreta.es\/tienda\/wp-json\/wp\/v2\/comments?post=15768"}],"wp:featuredmedia":[{"embeddable":true,"href":"https:\/\/www.bolboreta.es\/tienda\/wp-json\/wp\/v2\/media\/15776"}],"wp:attachment":[{"href":"https:\/\/www.bolboreta.es\/tienda\/wp-json\/wp\/v2\/media?parent=15768"}],"curies":[{"name":"wp","href":"https:\/\/api.w.org\/{rel}","templated":true}]}}