{"id":15753,"date":"2024-02-02T16:55:24","date_gmt":"2024-02-02T16:55:24","guid":{"rendered":"https:\/\/www.bolboreta.es\/tienda\/?post_type=product&#038;p=15753"},"modified":"2025-07-04T10:55:54","modified_gmt":"2025-07-04T10:55:54","slug":"acala-sandalia-de-tacon-colores-mariamare","status":"publish","type":"product","link":"https:\/\/www.bolboreta.es\/tienda\/producto\/acala-sandalia-de-tacon-colores-mariamare\/","title":{"rendered":"ACALA Sandalia de tac\u00f3n colores MARIAMARE"},"content":{"rendered":"<p>&nbsp;<\/p>\n<p>Sandalias de tac\u00f3n para mujer Mariamare Acala 68367 en color multi. Caracter\u00edsticas: Cierre con lazo, tac\u00f3n 11 cm, sandalias de vestir con tac\u00f3n, suela de goma termopl\u00e1stica, exterior sint\u00e9tico y textil, forro interior sint\u00e9tico y plantilla piel.<\/p>\n<p>Un modelo de vestir de la marca\u00a0<strong>Mariamare<\/strong>\u00a0ideal para combinar en tus eventos de esta temporada.<\/p>\n<p>Caracter\u00edsticas principales de las Sandalias de tac\u00f3n para mujer Mariamare Acala 68367:<\/p>\n<p>&nbsp;<\/p>\n<ul>\n<li>Material Exterior: Sandalias para mujer de la marca Mariamare fabricadas en material textil y sint\u00e9tico en combinaci\u00f3n de colores y tiras cruzadas.<\/li>\n<li>Altura: Sandalias con tac\u00f3n alto de 11 cm de altura aproximadamente.<\/li>\n<li>Tipo de sujeci\u00f3n: Cierre con tiras anudadas al tobillo.<\/li>\n<li>Material de la suela: Suela sint\u00e9tica, ligera, antideslizante y resistente.<\/li>\n<li>Material de revestimiento: Forro interior sint\u00e9tico.<\/li>\n<li>Plantilla: Plantilla de piel.<\/li>\n<\/ul>\n","protected":false},"excerpt":{"rendered":"<p>&nbsp; Sandalias de tac\u00f3n para mujer Mariamare Acala 68367 en color multi. Caracter\u00edsticas: Cierre con lazo, tac\u00f3n 11 cm, sandalias de vestir con tac\u00f3n, suela de goma termopl\u00e1stica, exterior sint\u00e9tico y textil, forro interior sint\u00e9tico y plantilla piel. Un modelo de vestir de la marca\u00a0Mariamare\u00a0ideal para combinar en tus eventos de esta temporada. Caracter\u00edsticas principales [&hellip;]<\/p>\n","protected":false},"featured_media":15767,"comment_status":"open","ping_status":"closed","template":"","meta":[],"yoast_head":"<!-- This site is optimized with the Yoast SEO plugin v15.9 - https:\/\/yoast.com\/wordpress\/plugins\/seo\/ -->\n<title>ACALA Sandalia de tac\u00f3n colores MARIAMARE - bolboreta.es<\/title>\n<meta name=\"robots\" content=\"index, follow, max-snippet:-1, max-image-preview:large, max-video-preview:-1\" \/>\n<link rel=\"canonical\" href=\"https:\/\/www.bolboreta.es\/tienda\/producto\/acala-sandalia-de-tacon-colores-mariamare\/\" \/>\n<meta property=\"og:locale\" content=\"es_ES\" \/>\n<meta property=\"og:type\" content=\"article\" \/>\n<meta property=\"og:title\" content=\"ACALA Sandalia de tac\u00f3n colores MARIAMARE - bolboreta.es\" \/>\n<meta property=\"og:description\" content=\"&nbsp; Sandalias de tac\u00f3n para mujer Mariamare Acala 68367 en color multi. Caracter\u00edsticas: Cierre con lazo, tac\u00f3n 11 cm, sandalias de vestir con tac\u00f3n, suela de goma termopl\u00e1stica, exterior sint\u00e9tico y textil, forro interior sint\u00e9tico y plantilla piel. Un modelo de vestir de la marca\u00a0Mariamare\u00a0ideal para combinar en tus eventos de esta temporada. Caracter\u00edsticas principales [&hellip;]\" \/>\n<meta property=\"og:url\" content=\"https:\/\/www.bolboreta.es\/tienda\/producto\/acala-sandalia-de-tacon-colores-mariamare\/\" \/>\n<meta property=\"og:site_name\" content=\"bolboreta.es\" \/>\n<meta property=\"article:modified_time\" content=\"2025-07-04T10:55:54+00:00\" \/>\n<meta property=\"og:image\" content=\"https:\/\/www.bolboreta.es\/tienda\/wp-content\/uploads\/2024\/02\/colores.jpg\" \/>\n\t<meta property=\"og:image:width\" content=\"640\" \/>\n\t<meta property=\"og:image:height\" content=\"782\" \/>\n<meta name=\"twitter:card\" content=\"summary_large_image\" \/>\n<meta name=\"twitter:label1\" content=\"Tiempo de lectura\">\n\t<meta name=\"twitter:data1\" content=\"1 minuto\">\n<script type=\"application\/ld+json\" class=\"yoast-schema-graph\">{\"@context\":\"https:\/\/schema.org\",\"@graph\":[{\"@type\":\"WebSite\",\"@id\":\"https:\/\/www.bolboreta.es\/tienda\/#website\",\"url\":\"https:\/\/www.bolboreta.es\/tienda\/\",\"name\":\"bolboreta.es\",\"description\":\"ZAPATER\\u00cdA\",\"potentialAction\":[{\"@type\":\"SearchAction\",\"target\":\"https:\/\/www.bolboreta.es\/tienda\/?s={search_term_string}\",\"query-input\":\"required name=search_term_string\"}],\"inLanguage\":\"es\"},{\"@type\":\"ImageObject\",\"@id\":\"https:\/\/www.bolboreta.es\/tienda\/producto\/acala-sandalia-de-tacon-colores-mariamare\/#primaryimage\",\"inLanguage\":\"es\",\"url\":\"https:\/\/www.bolboreta.es\/tienda\/wp-content\/uploads\/2024\/02\/colores.jpg\",\"width\":640,\"height\":782},{\"@type\":\"WebPage\",\"@id\":\"https:\/\/www.bolboreta.es\/tienda\/producto\/acala-sandalia-de-tacon-colores-mariamare\/#webpage\",\"url\":\"https:\/\/www.bolboreta.es\/tienda\/producto\/acala-sandalia-de-tacon-colores-mariamare\/\",\"name\":\"ACALA Sandalia de tac\\u00f3n colores MARIAMARE - bolboreta.es\",\"isPartOf\":{\"@id\":\"https:\/\/www.bolboreta.es\/tienda\/#website\"},\"primaryImageOfPage\":{\"@id\":\"https:\/\/www.bolboreta.es\/tienda\/producto\/acala-sandalia-de-tacon-colores-mariamare\/#primaryimage\"},\"datePublished\":\"2024-02-02T16:55:24+00:00\",\"dateModified\":\"2025-07-04T10:55:54+00:00\",\"breadcrumb\":{\"@id\":\"https:\/\/www.bolboreta.es\/tienda\/producto\/acala-sandalia-de-tacon-colores-mariamare\/#breadcrumb\"},\"inLanguage\":\"es\",\"potentialAction\":[{\"@type\":\"ReadAction\",\"target\":[\"https:\/\/www.bolboreta.es\/tienda\/producto\/acala-sandalia-de-tacon-colores-mariamare\/\"]}]},{\"@type\":\"BreadcrumbList\",\"@id\":\"https:\/\/www.bolboreta.es\/tienda\/producto\/acala-sandalia-de-tacon-colores-mariamare\/#breadcrumb\",\"itemListElement\":[{\"@type\":\"ListItem\",\"position\":1,\"item\":{\"@type\":\"WebPage\",\"@id\":\"https:\/\/www.bolboreta.es\/tienda\/\",\"url\":\"https:\/\/www.bolboreta.es\/tienda\/\",\"name\":\"Portada\"}},{\"@type\":\"ListItem\",\"position\":2,\"item\":{\"@type\":\"WebPage\",\"@id\":\"https:\/\/www.bolboreta.es\/tienda\/?page_id=4\",\"url\":\"https:\/\/www.bolboreta.es\/tienda\/?page_id=4\",\"name\":\"Prueba &#8220;Copia de Mar\\u00eda&#8221;\"}},{\"@type\":\"ListItem\",\"position\":3,\"item\":{\"@type\":\"WebPage\",\"@id\":\"https:\/\/www.bolboreta.es\/tienda\/producto\/acala-sandalia-de-tacon-colores-mariamare\/\",\"url\":\"https:\/\/www.bolboreta.es\/tienda\/producto\/acala-sandalia-de-tacon-colores-mariamare\/\",\"name\":\"ACALA Sandalia de tac\\u00f3n colores MARIAMARE\"}}]}]}<\/script>\n<!-- \/ Yoast SEO plugin. -->","_links":{"self":[{"href":"https:\/\/www.bolboreta.es\/tienda\/wp-json\/wp\/v2\/product\/15753"}],"collection":[{"href":"https:\/\/www.bolboreta.es\/tienda\/wp-json\/wp\/v2\/product"}],"about":[{"href":"https:\/\/www.bolboreta.es\/tienda\/wp-json\/wp\/v2\/types\/product"}],"replies":[{"embeddable":true,"href":"https:\/\/www.bolboreta.es\/tienda\/wp-json\/wp\/v2\/comments?post=15753"}],"wp:featuredmedia":[{"embeddable":true,"href":"https:\/\/www.bolboreta.es\/tienda\/wp-json\/wp\/v2\/media\/15767"}],"wp:attachment":[{"href":"https:\/\/www.bolboreta.es\/tienda\/wp-json\/wp\/v2\/media?parent=15753"}],"curies":[{"name":"wp","href":"https:\/\/api.w.org\/{rel}","templated":true}]}}