{"id":15709,"date":"2024-02-02T10:50:59","date_gmt":"2024-02-02T10:50:59","guid":{"rendered":"https:\/\/www.bolboreta.es\/tienda\/?post_type=product&#038;p=15709"},"modified":"2025-07-16T17:38:47","modified_gmt":"2025-07-16T17:38:47","slug":"biella-zapato-de-tacon-fuxia-mariamare","status":"publish","type":"product","link":"https:\/\/www.bolboreta.es\/tienda\/producto\/biella-zapato-de-tacon-fuxia-mariamare\/","title":{"rendered":"BIELLA Zapato de tac\u00f3n Fuxia MARIAMARE"},"content":{"rendered":"<p>&nbsp;<\/p>\n<p>Zapato de tac\u00f3n Biella estilo sal\u00f3n de Mariamare.<\/p>\n<p>Dise\u00f1o destalonado de color fucsia con detalle de cierre de hebilla en forma de estrella con brillantes.<\/p>\n<p>Un color de tendencia ideal para combinar con tus looks.<\/p>\n<ul>\n<li class=\"attribute-values\">Tipo de tac\u00f3n: De aguja<\/li>\n<li class=\"attribute-values\">Tipo de puntera: Afilada<\/li>\n<li class=\"attribute-values\">Material de la suela: Sint\u00e9tica<\/li>\n<li class=\"attribute-values\">Material del interior: Sint\u00e9tico<\/li>\n<li class=\"attribute-values\">Material principal: Sint\u00e9tico<\/li>\n<li class=\"attribute-values\">Material de la planta: Piel<\/li>\n<li class=\"attribute-values\">Tipo de cierre: Hebilla<\/li>\n<li class=\"attribute-values\">Estilo: Vestir<\/li>\n<li class=\"attribute-values\">Altura de tac\u00f3n: Medio (de 3 A 5 cm)<\/li>\n<\/ul>\n","protected":false},"excerpt":{"rendered":"<p>&nbsp; Zapato de tac\u00f3n Biella estilo sal\u00f3n de Mariamare. Dise\u00f1o destalonado de color fucsia con detalle de cierre de hebilla en forma de estrella con brillantes. Un color de tendencia ideal para combinar con tus looks. Tipo de tac\u00f3n: De aguja Tipo de puntera: Afilada Material de la suela: Sint\u00e9tica Material del interior: Sint\u00e9tico Material [&hellip;]<\/p>\n","protected":false},"featured_media":15717,"comment_status":"open","ping_status":"closed","template":"","meta":[],"yoast_head":"<!-- This site is optimized with the Yoast SEO plugin v15.9 - https:\/\/yoast.com\/wordpress\/plugins\/seo\/ -->\n<title>BIELLA Zapato de tac\u00f3n Fuxia MARIAMARE - bolboreta.es<\/title>\n<meta name=\"robots\" content=\"index, follow, max-snippet:-1, max-image-preview:large, max-video-preview:-1\" \/>\n<link rel=\"canonical\" href=\"https:\/\/www.bolboreta.es\/tienda\/producto\/biella-zapato-de-tacon-fuxia-mariamare\/\" \/>\n<meta property=\"og:locale\" content=\"es_ES\" \/>\n<meta property=\"og:type\" content=\"article\" \/>\n<meta property=\"og:title\" content=\"BIELLA Zapato de tac\u00f3n Fuxia MARIAMARE - bolboreta.es\" \/>\n<meta property=\"og:description\" content=\"&nbsp; Zapato de tac\u00f3n Biella estilo sal\u00f3n de Mariamare. Dise\u00f1o destalonado de color fucsia con detalle de cierre de hebilla en forma de estrella con brillantes. Un color de tendencia ideal para combinar con tus looks. Tipo de tac\u00f3n: De aguja Tipo de puntera: Afilada Material de la suela: Sint\u00e9tica Material del interior: Sint\u00e9tico Material [&hellip;]\" \/>\n<meta property=\"og:url\" content=\"https:\/\/www.bolboreta.es\/tienda\/producto\/biella-zapato-de-tacon-fuxia-mariamare\/\" \/>\n<meta property=\"og:site_name\" content=\"bolboreta.es\" \/>\n<meta property=\"article:modified_time\" content=\"2025-07-16T17:38:47+00:00\" \/>\n<meta property=\"og:image\" content=\"https:\/\/www.bolboreta.es\/tienda\/wp-content\/uploads\/2024\/02\/Zapatos-de-tacon-Mujer-BIELLA-rosa-54634-c54424-MARIAMARE-04.jpg\" \/>\n\t<meta property=\"og:image:width\" content=\"1200\" \/>\n\t<meta property=\"og:image:height\" content=\"1200\" \/>\n<meta name=\"twitter:card\" content=\"summary_large_image\" \/>\n<meta name=\"twitter:label1\" content=\"Tiempo de lectura\">\n\t<meta name=\"twitter:data1\" content=\"1 minuto\">\n<script type=\"application\/ld+json\" class=\"yoast-schema-graph\">{\"@context\":\"https:\/\/schema.org\",\"@graph\":[{\"@type\":\"WebSite\",\"@id\":\"https:\/\/www.bolboreta.es\/tienda\/#website\",\"url\":\"https:\/\/www.bolboreta.es\/tienda\/\",\"name\":\"bolboreta.es\",\"description\":\"ZAPATER\\u00cdA\",\"potentialAction\":[{\"@type\":\"SearchAction\",\"target\":\"https:\/\/www.bolboreta.es\/tienda\/?s={search_term_string}\",\"query-input\":\"required name=search_term_string\"}],\"inLanguage\":\"es\"},{\"@type\":\"ImageObject\",\"@id\":\"https:\/\/www.bolboreta.es\/tienda\/producto\/biella-zapato-de-tacon-fuxia-mariamare\/#primaryimage\",\"inLanguage\":\"es\",\"url\":\"https:\/\/www.bolboreta.es\/tienda\/wp-content\/uploads\/2024\/02\/Zapatos-de-tacon-Mujer-BIELLA-rosa-54634-c54424-MARIAMARE-04.jpg\",\"width\":1200,\"height\":1200},{\"@type\":\"WebPage\",\"@id\":\"https:\/\/www.bolboreta.es\/tienda\/producto\/biella-zapato-de-tacon-fuxia-mariamare\/#webpage\",\"url\":\"https:\/\/www.bolboreta.es\/tienda\/producto\/biella-zapato-de-tacon-fuxia-mariamare\/\",\"name\":\"BIELLA Zapato de tac\\u00f3n Fuxia MARIAMARE - bolboreta.es\",\"isPartOf\":{\"@id\":\"https:\/\/www.bolboreta.es\/tienda\/#website\"},\"primaryImageOfPage\":{\"@id\":\"https:\/\/www.bolboreta.es\/tienda\/producto\/biella-zapato-de-tacon-fuxia-mariamare\/#primaryimage\"},\"datePublished\":\"2024-02-02T10:50:59+00:00\",\"dateModified\":\"2025-07-16T17:38:47+00:00\",\"breadcrumb\":{\"@id\":\"https:\/\/www.bolboreta.es\/tienda\/producto\/biella-zapato-de-tacon-fuxia-mariamare\/#breadcrumb\"},\"inLanguage\":\"es\",\"potentialAction\":[{\"@type\":\"ReadAction\",\"target\":[\"https:\/\/www.bolboreta.es\/tienda\/producto\/biella-zapato-de-tacon-fuxia-mariamare\/\"]}]},{\"@type\":\"BreadcrumbList\",\"@id\":\"https:\/\/www.bolboreta.es\/tienda\/producto\/biella-zapato-de-tacon-fuxia-mariamare\/#breadcrumb\",\"itemListElement\":[{\"@type\":\"ListItem\",\"position\":1,\"item\":{\"@type\":\"WebPage\",\"@id\":\"https:\/\/www.bolboreta.es\/tienda\/\",\"url\":\"https:\/\/www.bolboreta.es\/tienda\/\",\"name\":\"Portada\"}},{\"@type\":\"ListItem\",\"position\":2,\"item\":{\"@type\":\"WebPage\",\"@id\":\"https:\/\/www.bolboreta.es\/tienda\/?page_id=4\",\"url\":\"https:\/\/www.bolboreta.es\/tienda\/?page_id=4\",\"name\":\"Prueba &#8220;Copia de Mar\\u00eda&#8221;\"}},{\"@type\":\"ListItem\",\"position\":3,\"item\":{\"@type\":\"WebPage\",\"@id\":\"https:\/\/www.bolboreta.es\/tienda\/producto\/biella-zapato-de-tacon-fuxia-mariamare\/\",\"url\":\"https:\/\/www.bolboreta.es\/tienda\/producto\/biella-zapato-de-tacon-fuxia-mariamare\/\",\"name\":\"BIELLA Zapato de tac\\u00f3n Fuxia MARIAMARE\"}}]}]}<\/script>\n<!-- \/ Yoast SEO plugin. -->","_links":{"self":[{"href":"https:\/\/www.bolboreta.es\/tienda\/wp-json\/wp\/v2\/product\/15709"}],"collection":[{"href":"https:\/\/www.bolboreta.es\/tienda\/wp-json\/wp\/v2\/product"}],"about":[{"href":"https:\/\/www.bolboreta.es\/tienda\/wp-json\/wp\/v2\/types\/product"}],"replies":[{"embeddable":true,"href":"https:\/\/www.bolboreta.es\/tienda\/wp-json\/wp\/v2\/comments?post=15709"}],"wp:featuredmedia":[{"embeddable":true,"href":"https:\/\/www.bolboreta.es\/tienda\/wp-json\/wp\/v2\/media\/15717"}],"wp:attachment":[{"href":"https:\/\/www.bolboreta.es\/tienda\/wp-json\/wp\/v2\/media?parent=15709"}],"curies":[{"name":"wp","href":"https:\/\/api.w.org\/{rel}","templated":true}]}}