{"id":15683,"date":"2024-02-01T18:11:38","date_gmt":"2024-02-01T18:11:38","guid":{"rendered":"https:\/\/www.bolboreta.es\/tienda\/?post_type=product&#038;p=15683"},"modified":"2024-10-11T11:13:50","modified_gmt":"2024-10-11T11:13:50","slug":"nuin-sandalia-de-tacon-rosa-mariamare","status":"publish","type":"product","link":"https:\/\/www.bolboreta.es\/tienda\/producto\/nuin-sandalia-de-tacon-rosa-mariamare\/","title":{"rendered":"NUIN Sandalia de tac\u00f3n rosa MARIAMARE"},"content":{"rendered":"<p>Sandalia de tac\u00f3n Nuin Mariamare para mujer. Dise\u00f1ada en afelpado verde, te encantar\u00e1 su pala con dos tiras cruzadas. Tac\u00f3n geom\u00e9trico estilo Luis XVI. Cierre de hebilla ajustable al tobillo. Se convertir\u00e1n en el toque de color que tus looks m\u00e1s formales estaban esperando.<\/p>\n<ul>\n<li class=\"attribute-values\">Tipo de tac\u00f3n: Flare<\/li>\n<li class=\"attribute-values\">Tipo de puntera: Cuadrada<\/li>\n<li class=\"attribute-values\">Material de la suela: Sint\u00e9tica<\/li>\n<li class=\"attribute-values\">Material del interior: Sint\u00e9tico<\/li>\n<li class=\"attribute-values\">Material principal: Textil<\/li>\n<li class=\"attribute-values\">Material de la planta: Piel<\/li>\n<li class=\"attribute-values\">Tipo de cierre: Hebilla<\/li>\n<li class=\"attribute-values\">Estilo: Vestir<\/li>\n<li class=\"attribute-values\">Altura de tac\u00f3n: Alto (de 5 A 9 cm)<\/li>\n<\/ul>\n","protected":false},"excerpt":{"rendered":"<p>Sandalia de tac\u00f3n Nuin Mariamare para mujer. Dise\u00f1ada en afelpado verde, te encantar\u00e1 su pala con dos tiras cruzadas. Tac\u00f3n geom\u00e9trico estilo Luis XVI. Cierre de hebilla ajustable al tobillo. Se convertir\u00e1n en el toque de color que tus looks m\u00e1s formales estaban esperando. Tipo de tac\u00f3n: Flare Tipo de puntera: Cuadrada Material de la [&hellip;]<\/p>\n","protected":false},"featured_media":15692,"comment_status":"open","ping_status":"closed","template":"","meta":[],"yoast_head":"<!-- This site is optimized with the Yoast SEO plugin v15.9 - https:\/\/yoast.com\/wordpress\/plugins\/seo\/ -->\n<title>NUIN Sandalia de tac\u00f3n rosa MARIAMARE - bolboreta.es<\/title>\n<meta name=\"robots\" content=\"index, follow, max-snippet:-1, max-image-preview:large, max-video-preview:-1\" \/>\n<link rel=\"canonical\" href=\"https:\/\/www.bolboreta.es\/tienda\/producto\/nuin-sandalia-de-tacon-rosa-mariamare\/\" \/>\n<meta property=\"og:locale\" content=\"es_ES\" \/>\n<meta property=\"og:type\" content=\"article\" \/>\n<meta property=\"og:title\" content=\"NUIN Sandalia de tac\u00f3n rosa MARIAMARE - bolboreta.es\" \/>\n<meta property=\"og:description\" content=\"Sandalia de tac\u00f3n Nuin Mariamare para mujer. Dise\u00f1ada en afelpado verde, te encantar\u00e1 su pala con dos tiras cruzadas. Tac\u00f3n geom\u00e9trico estilo Luis XVI. Cierre de hebilla ajustable al tobillo. Se convertir\u00e1n en el toque de color que tus looks m\u00e1s formales estaban esperando. Tipo de tac\u00f3n: Flare Tipo de puntera: Cuadrada Material de la [&hellip;]\" \/>\n<meta property=\"og:url\" content=\"https:\/\/www.bolboreta.es\/tienda\/producto\/nuin-sandalia-de-tacon-rosa-mariamare\/\" \/>\n<meta property=\"og:site_name\" content=\"bolboreta.es\" \/>\n<meta property=\"article:modified_time\" content=\"2024-10-11T11:13:50+00:00\" \/>\n<meta property=\"og:image\" content=\"https:\/\/www.bolboreta.es\/tienda\/wp-content\/uploads\/2024\/02\/Sandalias-de-tacon-Mujer-NUIN-rosa-54652-c3274-MARIAMARE-01.jpg\" \/>\n\t<meta property=\"og:image:width\" content=\"1200\" \/>\n\t<meta property=\"og:image:height\" content=\"1200\" \/>\n<meta name=\"twitter:card\" content=\"summary_large_image\" \/>\n<meta name=\"twitter:label1\" content=\"Tiempo de lectura\">\n\t<meta name=\"twitter:data1\" content=\"1 minuto\">\n<script type=\"application\/ld+json\" class=\"yoast-schema-graph\">{\"@context\":\"https:\/\/schema.org\",\"@graph\":[{\"@type\":\"WebSite\",\"@id\":\"https:\/\/www.bolboreta.es\/tienda\/#website\",\"url\":\"https:\/\/www.bolboreta.es\/tienda\/\",\"name\":\"bolboreta.es\",\"description\":\"ZAPATER\\u00cdA\",\"potentialAction\":[{\"@type\":\"SearchAction\",\"target\":\"https:\/\/www.bolboreta.es\/tienda\/?s={search_term_string}\",\"query-input\":\"required name=search_term_string\"}],\"inLanguage\":\"es\"},{\"@type\":\"ImageObject\",\"@id\":\"https:\/\/www.bolboreta.es\/tienda\/producto\/nuin-sandalia-de-tacon-rosa-mariamare\/#primaryimage\",\"inLanguage\":\"es\",\"url\":\"https:\/\/www.bolboreta.es\/tienda\/wp-content\/uploads\/2024\/02\/Sandalias-de-tacon-Mujer-NUIN-rosa-54652-c3274-MARIAMARE-01.jpg\",\"width\":1200,\"height\":1200},{\"@type\":\"WebPage\",\"@id\":\"https:\/\/www.bolboreta.es\/tienda\/producto\/nuin-sandalia-de-tacon-rosa-mariamare\/#webpage\",\"url\":\"https:\/\/www.bolboreta.es\/tienda\/producto\/nuin-sandalia-de-tacon-rosa-mariamare\/\",\"name\":\"NUIN Sandalia de tac\\u00f3n rosa MARIAMARE - bolboreta.es\",\"isPartOf\":{\"@id\":\"https:\/\/www.bolboreta.es\/tienda\/#website\"},\"primaryImageOfPage\":{\"@id\":\"https:\/\/www.bolboreta.es\/tienda\/producto\/nuin-sandalia-de-tacon-rosa-mariamare\/#primaryimage\"},\"datePublished\":\"2024-02-01T18:11:38+00:00\",\"dateModified\":\"2024-10-11T11:13:50+00:00\",\"breadcrumb\":{\"@id\":\"https:\/\/www.bolboreta.es\/tienda\/producto\/nuin-sandalia-de-tacon-rosa-mariamare\/#breadcrumb\"},\"inLanguage\":\"es\",\"potentialAction\":[{\"@type\":\"ReadAction\",\"target\":[\"https:\/\/www.bolboreta.es\/tienda\/producto\/nuin-sandalia-de-tacon-rosa-mariamare\/\"]}]},{\"@type\":\"BreadcrumbList\",\"@id\":\"https:\/\/www.bolboreta.es\/tienda\/producto\/nuin-sandalia-de-tacon-rosa-mariamare\/#breadcrumb\",\"itemListElement\":[{\"@type\":\"ListItem\",\"position\":1,\"item\":{\"@type\":\"WebPage\",\"@id\":\"https:\/\/www.bolboreta.es\/tienda\/\",\"url\":\"https:\/\/www.bolboreta.es\/tienda\/\",\"name\":\"Portada\"}},{\"@type\":\"ListItem\",\"position\":2,\"item\":{\"@type\":\"WebPage\",\"@id\":\"https:\/\/www.bolboreta.es\/tienda\/?page_id=4\",\"url\":\"https:\/\/www.bolboreta.es\/tienda\/?page_id=4\",\"name\":\"Prueba &#8220;Copia de Mar\\u00eda&#8221;\"}},{\"@type\":\"ListItem\",\"position\":3,\"item\":{\"@type\":\"WebPage\",\"@id\":\"https:\/\/www.bolboreta.es\/tienda\/producto\/nuin-sandalia-de-tacon-rosa-mariamare\/\",\"url\":\"https:\/\/www.bolboreta.es\/tienda\/producto\/nuin-sandalia-de-tacon-rosa-mariamare\/\",\"name\":\"NUIN Sandalia de tac\\u00f3n rosa MARIAMARE\"}}]}]}<\/script>\n<!-- \/ Yoast SEO plugin. -->","_links":{"self":[{"href":"https:\/\/www.bolboreta.es\/tienda\/wp-json\/wp\/v2\/product\/15683"}],"collection":[{"href":"https:\/\/www.bolboreta.es\/tienda\/wp-json\/wp\/v2\/product"}],"about":[{"href":"https:\/\/www.bolboreta.es\/tienda\/wp-json\/wp\/v2\/types\/product"}],"replies":[{"embeddable":true,"href":"https:\/\/www.bolboreta.es\/tienda\/wp-json\/wp\/v2\/comments?post=15683"}],"wp:featuredmedia":[{"embeddable":true,"href":"https:\/\/www.bolboreta.es\/tienda\/wp-json\/wp\/v2\/media\/15692"}],"wp:attachment":[{"href":"https:\/\/www.bolboreta.es\/tienda\/wp-json\/wp\/v2\/media?parent=15683"}],"curies":[{"name":"wp","href":"https:\/\/api.w.org\/{rel}","templated":true}]}}