{"id":2468,"date":"2016-08-23T04:15:21","date_gmt":"2016-08-23T04:15:21","guid":{"rendered":"http:\/\/demo.uix.store\/sober\/?page_id=319"},"modified":"2020-10-19T12:53:45","modified_gmt":"2020-10-19T12:53:45","slug":"quienes-somos","status":"publish","type":"page","link":"https:\/\/www.bolboreta.es\/tienda\/quienes-somos\/","title":{"rendered":"Quienes somos"},"content":{"rendered":"<h1 style=\"color: #23232c; font-size: 22px; font-weight: 500; line-height: 34px;\">Calzados Bolboreta<\/h1>\n<p style=\"font-size: 16px; line-height: 34px;\"><span style=\"color: #23232c;\"><strong>Bolboreta<\/strong> somos una joven empresa ubicada en <strong>Cantabria<\/strong>, que contamos con <strong>diez a\u00f1os de experiencia<\/strong> en el sector del <strong>calzado<\/strong> y <strong>complementos<\/strong>.<br \/>Ahora queremos proyectar nuestra imagen innovadora a trav\u00e9s de una tienda online donde poder llegar a todos nuestros clientes con m\u00e1s facilidad, para expandirnos y continuar creciendo. <strong>Siempre buscando soluciones atractivas<\/strong>, <strong>diversas y productos de calidad<\/strong>.<br \/>Hemos ampliado nuestras marcas e introducido recientemente una <strong>nueva colecci\u00f3n especial para los peque\u00f1os de la casa<\/strong>.<br \/>No te quedes sin <a href=\"http:\/\/bolboreta.es\/tienda\/\"><strong>visitar nuestro cat\u00e1logo<\/strong><\/a> y cualquier duda o consulta estaremos encantados de poder ayudarte.<\/span><\/p>\n\n\n<figure class=\"wp-block-gallery aligncenter columns-0 is-cropped\"><ul class=\"blocks-gallery-grid\"><\/ul><\/figure>\n\n\n\n<div class=\"wp-block-image\"><figure class=\"aligncenter size-large is-resized\"><img loading=\"lazy\" src=\"https:\/\/www.bolboreta.es\/tienda\/wp-content\/uploads\/2020\/10\/bolboreta-zapateria-1.png\" alt=\"Bolboreta Zapater\u00eda\" class=\"wp-image-11475\" width=\"386\" height=\"134\" srcset=\"https:\/\/www.bolboreta.es\/tienda\/wp-content\/uploads\/2020\/10\/bolboreta-zapateria-1.png 386w, https:\/\/www.bolboreta.es\/tienda\/wp-content\/uploads\/2020\/10\/bolboreta-zapateria-1-300x104.png 300w\" sizes=\"(max-width: 386px) 100vw, 386px\" \/><\/figure><\/div>\n\n\n\n<hr class=\"wp-block-separator has-text-color has-background has-white-background-color has-white-color is-style-default\"\/>\n\n\n\n<div class=\"wp-block-columns are-vertically-aligned-top\">\n<div class=\"wp-block-column is-vertically-aligned-top\">\n<p><strong>ATENCI\u00d3N AL CLIENTE<\/strong><\/p>\n\n\n\n<p>De Lunes a Viernes<br>Ma\u00f1anas de 10:30h a 13.30h<br>Tardes de 16:00h a 19:00h<\/p>\n\n\n\n<p>Tel\u00e9fono \u260f <a href=\"tel:942 683 021\">942 683 021<\/a><br><strong>WhatsApp \u2706 633 544 916<\/strong><\/p>\n\n\n\n<p><br>\u2709<a href=\"mailto:info@bolboreta.es\">info@bolboreta.es<\/a><\/p>\n<\/div>\n\n\n\n<div class=\"wp-block-column is-vertically-aligned-top\">\n<p><strong>ENV\u00cdOS GRATIS<\/strong><\/p>\n\n\n\n<figure class=\"wp-block-image size-large\"><img loading=\"lazy\" width=\"293\" height=\"208\" src=\"https:\/\/www.bolboreta.es\/tienda\/wp-content\/uploads\/2020\/10\/envios-gratis-sidebar.jpg\" alt=\"\" class=\"wp-image-11639\"\/><\/figure>\n\n\n\n<p>Para env\u00edos a territorio Peninsular<\/p>\n<\/div>\n\n\n\n<div class=\"wp-block-column is-vertically-aligned-top\">\n<p><strong>DEVOLUCIONES<\/strong><\/p>\n\n\n\n<p>Devoluciones disponibles en 30 d\u00edas<\/p>\n\n\n\n<p><strong>Recogida a domicilio:<\/strong> puedes solicitar la recogida a domicilio poni\u00e9ndote&nbsp;en contacto nuestros departamento de atenci\u00f3n al cliente. Enviaremos un transportista para recoger tu paquete en las pr\u00f3ximas 24-48h (d\u00edas laborables)<\/p>\n\n\n\n<p>El cliente asumir\u00e1 los gastos de devoluci\u00f3n (4,95 \u20ac)&nbsp;<\/p>\n<\/div>\n\n\n\n<div class=\"wp-block-column is-vertically-aligned-top\">\n<p><strong>TIENDA F\u00cdSICA<\/strong><\/p>\n\n\n\n<p class=\"has-text-align-left\">De Lunes a Viernes<br>Ma\u00f1anas de 10:30 a 13:30h<br>Tardes de 17:30h a 20:00h<\/p>\n\n\n\n<p>S\u00e1bado 11:00h a 13:30h<\/p>\n\n\n\n<p>Calle Santander 32, 39750 Colindres (Cantabria)<\/p>\n<\/div>\n<\/div>\n\n\n\n<p><\/p>\n\n\n\n<p><\/p>\n","protected":false},"excerpt":{"rendered":"<p>Calzados Bolboreta Bolboreta somos una joven empresa ubicada en Cantabria, que contamos con diez a\u00f1os de experiencia en el sector del calzado y complementos.Ahora queremos proyectar nuestra imagen innovadora a trav\u00e9s de una tienda online donde poder llegar a todos nuestros clientes con m\u00e1s facilidad, para expandirnos y continuar creciendo. Siempre buscando soluciones atractivas, diversas [&hellip;]<\/p>\n","protected":false},"author":2,"featured_media":0,"parent":0,"menu_order":0,"comment_status":"closed","ping_status":"closed","template":"template-fullwidth.php","meta":[],"yoast_head":"<!-- This site is optimized with the Yoast SEO plugin v15.9 - https:\/\/yoast.com\/wordpress\/plugins\/seo\/ -->\n<title>Quienes somos - bolboreta.es<\/title>\n<meta name=\"robots\" content=\"index, follow, max-snippet:-1, max-image-preview:large, max-video-preview:-1\" \/>\n<link rel=\"canonical\" href=\"https:\/\/www.bolboreta.es\/tienda\/quienes-somos\/\" \/>\n<meta property=\"og:locale\" content=\"es_ES\" \/>\n<meta property=\"og:type\" content=\"article\" \/>\n<meta property=\"og:title\" content=\"Quienes somos - bolboreta.es\" \/>\n<meta property=\"og:description\" content=\"Calzados Bolboreta Bolboreta somos una joven empresa ubicada en Cantabria, que contamos con diez a\u00f1os de experiencia en el sector del calzado y complementos.Ahora queremos proyectar nuestra imagen innovadora a trav\u00e9s de una tienda online donde poder llegar a todos nuestros clientes con m\u00e1s facilidad, para expandirnos y continuar creciendo. Siempre buscando soluciones atractivas, diversas [&hellip;]\" \/>\n<meta property=\"og:url\" content=\"https:\/\/www.bolboreta.es\/tienda\/quienes-somos\/\" \/>\n<meta property=\"og:site_name\" content=\"bolboreta.es\" \/>\n<meta property=\"article:modified_time\" content=\"2020-10-19T12:53:45+00:00\" \/>\n<meta name=\"twitter:card\" content=\"summary_large_image\" \/>\n<meta name=\"twitter:label1\" content=\"Tiempo de lectura\">\n\t<meta name=\"twitter:data1\" content=\"1 minuto\">\n<script type=\"application\/ld+json\" class=\"yoast-schema-graph\">{\"@context\":\"https:\/\/schema.org\",\"@graph\":[{\"@type\":\"WebSite\",\"@id\":\"https:\/\/www.bolboreta.es\/tienda\/#website\",\"url\":\"https:\/\/www.bolboreta.es\/tienda\/\",\"name\":\"bolboreta.es\",\"description\":\"ZAPATER\\u00cdA\",\"potentialAction\":[{\"@type\":\"SearchAction\",\"target\":\"https:\/\/www.bolboreta.es\/tienda\/?s={search_term_string}\",\"query-input\":\"required name=search_term_string\"}],\"inLanguage\":\"es\"},{\"@type\":\"WebPage\",\"@id\":\"https:\/\/www.bolboreta.es\/tienda\/quienes-somos\/#webpage\",\"url\":\"https:\/\/www.bolboreta.es\/tienda\/quienes-somos\/\",\"name\":\"Quienes somos - bolboreta.es\",\"isPartOf\":{\"@id\":\"https:\/\/www.bolboreta.es\/tienda\/#website\"},\"datePublished\":\"2016-08-23T04:15:21+00:00\",\"dateModified\":\"2020-10-19T12:53:45+00:00\",\"breadcrumb\":{\"@id\":\"https:\/\/www.bolboreta.es\/tienda\/quienes-somos\/#breadcrumb\"},\"inLanguage\":\"es\",\"potentialAction\":[{\"@type\":\"ReadAction\",\"target\":[\"https:\/\/www.bolboreta.es\/tienda\/quienes-somos\/\"]}]},{\"@type\":\"BreadcrumbList\",\"@id\":\"https:\/\/www.bolboreta.es\/tienda\/quienes-somos\/#breadcrumb\",\"itemListElement\":[{\"@type\":\"ListItem\",\"position\":1,\"item\":{\"@type\":\"WebPage\",\"@id\":\"https:\/\/www.bolboreta.es\/tienda\/\",\"url\":\"https:\/\/www.bolboreta.es\/tienda\/\",\"name\":\"Portada\"}},{\"@type\":\"ListItem\",\"position\":2,\"item\":{\"@type\":\"WebPage\",\"@id\":\"https:\/\/www.bolboreta.es\/tienda\/quienes-somos\/\",\"url\":\"https:\/\/www.bolboreta.es\/tienda\/quienes-somos\/\",\"name\":\"Quienes somos\"}}]}]}<\/script>\n<!-- \/ Yoast SEO plugin. -->","_links":{"self":[{"href":"https:\/\/www.bolboreta.es\/tienda\/wp-json\/wp\/v2\/pages\/2468"}],"collection":[{"href":"https:\/\/www.bolboreta.es\/tienda\/wp-json\/wp\/v2\/pages"}],"about":[{"href":"https:\/\/www.bolboreta.es\/tienda\/wp-json\/wp\/v2\/types\/page"}],"author":[{"embeddable":true,"href":"https:\/\/www.bolboreta.es\/tienda\/wp-json\/wp\/v2\/users\/2"}],"replies":[{"embeddable":true,"href":"https:\/\/www.bolboreta.es\/tienda\/wp-json\/wp\/v2\/comments?post=2468"}],"version-history":[{"count":0,"href":"https:\/\/www.bolboreta.es\/tienda\/wp-json\/wp\/v2\/pages\/2468\/revisions"}],"wp:attachment":[{"href":"https:\/\/www.bolboreta.es\/tienda\/wp-json\/wp\/v2\/media?parent=2468"}],"curies":[{"name":"wp","href":"https:\/\/api.w.org\/{rel}","templated":true}]}}