{"id":12224,"date":"2020-11-03T20:38:50","date_gmt":"2020-11-03T20:38:50","guid":{"rendered":"https:\/\/www.bolboreta.es\/tienda\/?page_id=12224"},"modified":"2025-10-20T08:32:35","modified_gmt":"2025-10-20T08:32:35","slug":"12224-2","status":"publish","type":"page","link":"https:\/\/www.bolboreta.es\/tienda\/12224-2\/","title":{"rendered":""},"content":{"rendered":"\n<figure class=\"wp-block-image alignwide size-large\"><img loading=\"lazy\" width=\"1024\" height=\"483\" src=\"https:\/\/www.bolboreta.es\/tienda\/wp-content\/uploads\/2020\/11\/bolboreta-zapateria-portada-4-1024x483.jpg\" alt=\"\" class=\"wp-image-12213\" srcset=\"https:\/\/www.bolboreta.es\/tienda\/wp-content\/uploads\/2020\/11\/bolboreta-zapateria-portada-4-1024x483.jpg 1024w, https:\/\/www.bolboreta.es\/tienda\/wp-content\/uploads\/2020\/11\/bolboreta-zapateria-portada-4-300x142.jpg 300w, https:\/\/www.bolboreta.es\/tienda\/wp-content\/uploads\/2020\/11\/bolboreta-zapateria-portada-4-768x362.jpg 768w, https:\/\/www.bolboreta.es\/tienda\/wp-content\/uploads\/2020\/11\/bolboreta-zapateria-portada-4-416x196.jpg 416w, https:\/\/www.bolboreta.es\/tienda\/wp-content\/uploads\/2020\/11\/bolboreta-zapateria-portada-4.jpg 1060w\" sizes=\"(max-width: 1024px) 100vw, 1024px\" \/><\/figure>\n\n\n\n<p class=\"has-text-align-center\"><\/p>\n\n\n\n<div style=\"height:34px\" aria-hidden=\"true\" class=\"wp-block-spacer\"><\/div>\n\n\n\n<div class=\"wp-block-group con-borde\"><div class=\"wp-block-group__inner-container\"><\/div><\/div>\n\n\n\n<hr class=\"wp-block-separator has-text-color has-background has-white-background-color has-white-color is-style-wide\"\/>\n\n\n\n<hr class=\"wp-block-separator has-text-color has-background is-style-wide\" style=\"background-color:#f9c2d0;color:#f9c2d0\"\/>\n\n\n\n<div class=\"wp-block-image\"><figure class=\"aligncenter size-large is-resized\"><img loading=\"lazy\" src=\"https:\/\/www.bolboreta.es\/tienda\/wp-content\/uploads\/2020\/10\/bolboreta-zapateria-1.png\" alt=\"Bolboreta Zapater\u00eda\" class=\"wp-image-11475\" width=\"386\" height=\"134\" srcset=\"https:\/\/www.bolboreta.es\/tienda\/wp-content\/uploads\/2020\/10\/bolboreta-zapateria-1.png 386w, https:\/\/www.bolboreta.es\/tienda\/wp-content\/uploads\/2020\/10\/bolboreta-zapateria-1-300x104.png 300w\" sizes=\"(max-width: 386px) 100vw, 386px\" \/><\/figure><\/div>\n\n\n\n<hr class=\"wp-block-separator has-text-color has-background has-white-background-color has-white-color is-style-default\"\/>\n\n\n\n<div class=\"wp-block-columns are-vertically-aligned-top\">\n<div class=\"wp-block-column is-vertically-aligned-top\">\n<p><strong>ATENCI\u00d3N AL CLIENTE<\/strong><\/p>\n\n\n\n<p>De Lunes a Viernes<br>Ma\u00f1anas de 10:30h a 13.30h<br>Tardes de 16:00h a 19:00h<\/p>\n\n\n\n<p>Tel\u00e9fono \u260f <a href=\"tel:942 683 021\">942 683 021<\/a><br><strong>WhatsApp \u2706 633 544 916<\/strong><\/p>\n\n\n\n<p><br>\u2709<a href=\"mailto:info@bolboreta.es\">info@bolboreta.es<\/a><\/p>\n<\/div>\n\n\n\n<div class=\"wp-block-column is-vertically-aligned-top\">\n<p><strong>ENV\u00cdOS GRATIS<\/strong><\/p>\n\n\n\n<figure class=\"wp-block-image size-large\"><img loading=\"lazy\" width=\"293\" height=\"208\" src=\"https:\/\/www.bolboreta.es\/tienda\/wp-content\/uploads\/2020\/10\/envios-gratis-sidebar.jpg\" alt=\"\" class=\"wp-image-11639\"\/><\/figure>\n\n\n\n<p>Para env\u00edos a territorio Peninsular<\/p>\n<\/div>\n\n\n\n<div class=\"wp-block-column is-vertically-aligned-top\">\n<p><strong>DEVOLUCIONES<\/strong><\/p>\n\n\n\n<p>Devoluciones disponibles en 30 d\u00edas<\/p>\n\n\n\n<p><strong>Recogida a domicilio:<\/strong> puedes solicitar la recogida a domicilio poni\u00e9ndote&nbsp;en contacto nuestros departamento de atenci\u00f3n al cliente. Enviaremos un transportista para recoger tu paquete en las pr\u00f3ximas 24-48h (d\u00edas laborables)<\/p>\n\n\n\n<p>El cliente asumir\u00e1 los gastos de devoluci\u00f3n (4,95 \u20ac)&nbsp;<\/p>\n<\/div>\n\n\n\n<div class=\"wp-block-column is-vertically-aligned-top\">\n<p><strong>TIENDA F\u00cdSICA<\/strong><\/p>\n\n\n\n<p class=\"has-text-align-left\">De Lunes a Viernes<br>Ma\u00f1anas de 10:30 a 13:30h<br>Tardes de 17:30h a 20:00h<\/p>\n\n\n\n<p>S\u00e1bado 11:00h a 13:30h<\/p>\n\n\n\n<p>Calle Santander 32, 39750 Colindres (Cantabria)<\/p>\n<\/div>\n<\/div>\n\n\n\n<p><\/p>\n\n\n\n<style>\n.storefront-breadcrumb {\n    display: none;\n}\n<\/style>\n\n\n\n\n\n\n\n<ul><li><\/li><\/ul>\n\n\n\n<p><\/p>\n","protected":false},"excerpt":{"rendered":"","protected":false},"author":3,"featured_media":0,"parent":0,"menu_order":0,"comment_status":"closed","ping_status":"closed","template":"template-fullwidth.php","meta":[],"yoast_head":"<!-- This site is optimized with the Yoast SEO plugin v15.9 - https:\/\/yoast.com\/wordpress\/plugins\/seo\/ -->\n<title>Compra calzado online en bolboreta.es<\/title>\n<meta name=\"description\" content=\"Tienda online de Calzados Bolboreta. Ultimas tendencias en calzado y complementos.\" \/>\n<meta name=\"robots\" content=\"index, follow, max-snippet:-1, max-image-preview:large, max-video-preview:-1\" \/>\n<link rel=\"canonical\" href=\"https:\/\/www.bolboreta.es\/tienda\/12224-2\/\" \/>\n<meta property=\"og:locale\" content=\"es_ES\" \/>\n<meta property=\"og:type\" content=\"article\" \/>\n<meta property=\"og:title\" content=\"Compra calzado online en bolboreta.es\" \/>\n<meta property=\"og:description\" content=\"Tienda online de Calzados Bolboreta. Ultimas tendencias en calzado y complementos.\" \/>\n<meta property=\"og:url\" content=\"https:\/\/www.bolboreta.es\/tienda\/12224-2\/\" \/>\n<meta property=\"og:site_name\" content=\"bolboreta.es\" \/>\n<meta property=\"article:modified_time\" content=\"2025-10-20T08:32:35+00:00\" \/>\n<meta property=\"og:image\" content=\"https:\/\/www.bolboreta.es\/tienda\/wp-content\/uploads\/2020\/11\/bolboreta-zapateria-portada-4-1024x483.jpg\" \/>\n<meta name=\"twitter:card\" content=\"summary_large_image\" \/>\n<meta name=\"twitter:label1\" content=\"Tiempo de lectura\">\n\t<meta name=\"twitter:data1\" content=\"1 minuto\">\n<script type=\"application\/ld+json\" class=\"yoast-schema-graph\">{\"@context\":\"https:\/\/schema.org\",\"@graph\":[{\"@type\":\"WebSite\",\"@id\":\"https:\/\/www.bolboreta.es\/tienda\/#website\",\"url\":\"https:\/\/www.bolboreta.es\/tienda\/\",\"name\":\"bolboreta.es\",\"description\":\"ZAPATER\\u00cdA\",\"potentialAction\":[{\"@type\":\"SearchAction\",\"target\":\"https:\/\/www.bolboreta.es\/tienda\/?s={search_term_string}\",\"query-input\":\"required name=search_term_string\"}],\"inLanguage\":\"es\"},{\"@type\":\"ImageObject\",\"@id\":\"https:\/\/www.bolboreta.es\/tienda\/12224-2\/#primaryimage\",\"inLanguage\":\"es\",\"url\":\"https:\/\/www.bolboreta.es\/tienda\/wp-content\/uploads\/2020\/11\/bolboreta-zapateria-portada-4.jpg\",\"width\":1060,\"height\":500},{\"@type\":\"WebPage\",\"@id\":\"https:\/\/www.bolboreta.es\/tienda\/12224-2\/#webpage\",\"url\":\"https:\/\/www.bolboreta.es\/tienda\/12224-2\/\",\"name\":\"Compra calzado online en bolboreta.es\",\"isPartOf\":{\"@id\":\"https:\/\/www.bolboreta.es\/tienda\/#website\"},\"primaryImageOfPage\":{\"@id\":\"https:\/\/www.bolboreta.es\/tienda\/12224-2\/#primaryimage\"},\"datePublished\":\"2020-11-03T20:38:50+00:00\",\"dateModified\":\"2025-10-20T08:32:35+00:00\",\"description\":\"Tienda online de Calzados Bolboreta. Ultimas tendencias en calzado y complementos.\",\"breadcrumb\":{\"@id\":\"https:\/\/www.bolboreta.es\/tienda\/12224-2\/#breadcrumb\"},\"inLanguage\":\"es\",\"potentialAction\":[{\"@type\":\"ReadAction\",\"target\":[\"https:\/\/www.bolboreta.es\/tienda\/12224-2\/\"]}]},{\"@type\":\"BreadcrumbList\",\"@id\":\"https:\/\/www.bolboreta.es\/tienda\/12224-2\/#breadcrumb\",\"itemListElement\":[{\"@type\":\"ListItem\",\"position\":1,\"item\":{\"@type\":\"WebPage\",\"@id\":\"https:\/\/www.bolboreta.es\/tienda\/\",\"url\":\"https:\/\/www.bolboreta.es\/tienda\/\",\"name\":\"Portada\"}},{\"@type\":\"ListItem\",\"position\":2,\"item\":{\"@type\":\"WebPage\",\"@id\":\"https:\/\/www.bolboreta.es\/tienda\/12224-2\/\",\"url\":\"https:\/\/www.bolboreta.es\/tienda\/12224-2\/\",\"name\":\"Compra calzado online en bolboreta.es\"}}]}]}<\/script>\n<!-- \/ Yoast SEO plugin. -->","_links":{"self":[{"href":"https:\/\/www.bolboreta.es\/tienda\/wp-json\/wp\/v2\/pages\/12224"}],"collection":[{"href":"https:\/\/www.bolboreta.es\/tienda\/wp-json\/wp\/v2\/pages"}],"about":[{"href":"https:\/\/www.bolboreta.es\/tienda\/wp-json\/wp\/v2\/types\/page"}],"author":[{"embeddable":true,"href":"https:\/\/www.bolboreta.es\/tienda\/wp-json\/wp\/v2\/users\/3"}],"replies":[{"embeddable":true,"href":"https:\/\/www.bolboreta.es\/tienda\/wp-json\/wp\/v2\/comments?post=12224"}],"version-history":[{"count":1,"href":"https:\/\/www.bolboreta.es\/tienda\/wp-json\/wp\/v2\/pages\/12224\/revisions"}],"predecessor-version":[{"id":16262,"href":"https:\/\/www.bolboreta.es\/tienda\/wp-json\/wp\/v2\/pages\/12224\/revisions\/16262"}],"wp:attachment":[{"href":"https:\/\/www.bolboreta.es\/tienda\/wp-json\/wp\/v2\/media?parent=12224"}],"curies":[{"name":"wp","href":"https:\/\/api.w.org\/{rel}","templated":true}]}}