{"id":11193,"date":"2020-09-10T14:40:48","date_gmt":"2020-09-10T12:40:48","guid":{"rendered":"https:\/\/www.bolboreta.es\/politica-de-cookies\/"},"modified":"2020-09-10T14:40:48","modified_gmt":"2020-09-10T12:40:48","slug":"politica-de-cookies","status":"publish","type":"page","link":"https:\/\/www.bolboreta.es\/tienda\/politica-de-cookies\/","title":{"rendered":"Pol\u00edtica de cookies"},"content":{"rendered":"<p class=\"p1\">POL\u00cdTICA DE COOKIES<\/p>\n<ol class=\"ol1\">\n<li style=\"list-style-type: none;\">\n<ol class=\"ol1\">\n<li class=\"li2\"><b><\/b><span class=\"s1\"><b>INFORMACI\u00d3N SOBRE LA UTILIZACI\u00d3N DE COOKIES &#8211; LEY DE COOKIES <\/b><\/span><\/li>\n<\/ol>\n<\/li>\n<\/ol>\n<p class=\"p3\">En esta Web se pueden estar utilizando cookies en algunas p\u00e1ginas. La finalidad de dichas cookies es mejorar el servicio que ofrecen a sus clientes y a nuestros visitantes. En caso de ser instaladas, el administrador de esta Web le solicitar\u00e1 su consentimiento para hacerlo, y tendr\u00e1 opci\u00f3n de aceptarlo.<\/p>\n<p class=\"p3\">Art. 22 LSSI.- \u201cLos prestadores de servicios podr\u00e1n utilizar dispositivos de almacenamiento y recuperaci\u00f3n de datos en equipos terminales de los destinatarios, a condici\u00f3n de que los mismos hayan dado su consentimiento despu\u00e9s de que se les haya facilitado informaci\u00f3n clara y completa sobre su utilizaci\u00f3n, en particular, sobre los fines del tratamiento de los datos, con arreglo a lo dispuesto en la Ley Org\u00e1nica 15\/1999, de 13 de diciembre, de Protecci\u00f3n de Datos de Car\u00e1cter Personal, Cuando sea t\u00e9cnicamente posible y eficaz, el consentimiento del destinatario para aceptar el tratamiento de los datos podr\u00e1 facilitarse mediante el uso de los par\u00e1metros adecuados del navegador o de otras aplicaciones, siempre que aqu\u00e9l deba proceder a su configuraci\u00f3n durante su instalaci\u00f3n o actualizaci\u00f3n mediante una acci\u00f3n expresa a tal efecto. Lo anterior no impedir\u00e1 el posible almacenamiento o acceso de \u00edndole t\u00e9cnica al solo fin de efectuar la transmisi\u00f3n de una comunicaci\u00f3n por una red de comunicaciones electr\u00f3nicas o, en la medida que resulte estrictamente necesario, para la prestaci\u00f3n de un servicio de la sociedad de la informaci\u00f3n expresamente solicitado por el destinatario.\u201d<\/p>\n<p class=\"p3\">Una \u00abCookie\u00bb es un peque\u00f1o archivo que se almacena en el ordenador del usuario y nos permite reconocerle, obtener informaci\u00f3n sobre tus h\u00e1bitos de navegaci\u00f3n o personalizar la forma en que se muestra el contenido. El conjunto de \u00abcookies\u00bb nos ayuda a mejorar la calidad de nuestra web, permiti\u00e9ndonos controlar qu\u00e9 p\u00e1ginas encuentran nuestros usuarios \u00fatiles y cu\u00e1les no.<\/p>\n<p class=\"p3\">Quedan excluidas del \u00e1mbito de aplicaci\u00f3n del art\u00edculo 22.2 de la LSSI:<\/p>\n<ul class=\"ul1\">\n<li class=\"li3\">Cookies de entrada del usuario<\/li>\n<li class=\"li3\">Cookies de autenticaci\u00f3n o identificaci\u00f3n del usuario<\/li>\n<li class=\"li3\">Cookies de sesi\u00f3n de reproductor multimedia<\/li>\n<li class=\"li3\">Cookies de sesi\u00f3n para equilibrar la carga<\/li>\n<li class=\"li3\">Cookies de personalizaci\u00f3n de la interfaz de usuario<\/li>\n<li class=\"li3\">Determinadas cookies de completamente para intercambiar contenidos sociales.<\/li>\n<\/ul>\n<p class=\"p4\">Por ello este sitio web puede utilizarlas ya que permiten el funcionamiento y la presentaci\u00f3n de los servicios ofrecidos en el mismo.<\/p>\n<ol class=\"ol1\">\n<li style=\"list-style-type: none;\">\n<ol class=\"ol1\">\n<li class=\"li2\"><b><\/b><span class=\"s1\"><b>ADMINISTRACI\u00d3N DE COOKIES Y REVOCACI\u00d3N DEL CONSENTIMIENTO PRESTADO<\/b><\/span><\/li>\n<\/ol>\n<\/li>\n<\/ol>\n<p class=\"p4\">Le informamos que usted puede <span class=\"s3\">rechazar el uso e instalaci\u00f3n de las cookies<\/span> de esta web cambiando la configuraci\u00f3n de su navegador, pudiendo seguir usando este sitio web, tambi\u00e9n le advertimos que puede verse limitada la experiencia de uso de esta web si cambia algunas de las opciones que le damos:<\/p>\n<ol class=\"ol1\">\n<li style=\"list-style-type: none;\">\n<ol class=\"ol1\">\n<li class=\"li2\"><b>ADMINISTRACI\u00d3N DE COOKIES POR NAVEGADOR: <\/b><\/li>\n<\/ol>\n<\/li>\n<\/ol>\n<ul class=\"ul1\">\n<li class=\"li3\"><b>Google Chrome, <\/b><\/li>\n<\/ul>\n<p class=\"p5\">http:\/\/support.google.com\/chrome\/bin\/answer.py?hl=es&#038;answer=95647<\/p>\n<ul class=\"ul1\">\n<li class=\"li3\"><b>Explorer, <\/b><\/li>\n<\/ul>\n<p class=\"p5\">http:\/\/windows.microsoft.com\/es-es\/windows7\/how-to-manage-cookies-in-internet-explorer-9<\/p>\n<ul class=\"ul1\">\n<li class=\"li3\"><b>Firefox, <\/b><\/li>\n<\/ul>\n<p class=\"p5\"><a href=\"http:\/\/support.mozilla.org\/es\/kb\/habilitar-y-deshabilitar-cookies-que-los-sitios-we\">http:\/\/support.mozilla.org\/es\/kb\/habilitar-y-deshabilitar-cookies-que-los-sitios-we<\/a><\/p>\n<ul class=\"ul1\">\n<li class=\"li3\"><b>Safari, <\/b><\/li>\n<\/ul>\n<p class=\"p5\"><a href=\"http:\/\/support.apple.com\/kb\/ph5042\">http:\/\/support.apple.com\/kb\/ph5042<\/a><\/p>\n<p class=\"p3\">Muchos navegadores permiten activar un <span class=\"s3\"><b>modo privado<\/b><\/span> mediante el cual las cookies se borran siempre despu\u00e9s de su visita. Dependiendo de cada navegador, este modo privado puede tener diferentes nombres, abajo puede encontrar una lista de los navegadores m\u00e1s comunes y los diferentes nombres de este \u201cmodo privado\u201d:<\/p>\n<ul class=\"ul1\">\n<li class=\"li3\">Internet Explorer v11.0.205: in private.<\/li>\n<li class=\"li3\">FireFox <span class=\"s4\">2.0.0.14 <\/span>y superior: Navegaci\u00f3n Privada.<\/li>\n<li class=\"li3\">Google Chrome 84.0.4147.135 y superior: Inc\u00f3gnito.<\/li>\n<li class=\"li3\">Safari 13.1.1: Navegaci\u00f3n Privada.<\/li>\n<li class=\"li3\">Opera 10.5 y superior: Navegaci\u00f3n Privada.<\/li>\n<li class=\"li3\">Microsoft Edge: 85.0.564.41: in private<\/li>\n<\/ul>\n<p class=\"p3\">Por favor, lea atentamente la secci\u00f3n de ayuda de su navegador para conocer m\u00e1s acerca de c\u00f3mo activar el \u201cmodo privado\u201d. Podr\u00e1 seguir visitando nuestra Web aunque su navegador est\u00e9 en \u201cmodo privado\u201d, no obstante, la experiencia de usuario puede no ser \u00f3ptima y algunas utilidades pueden no funcionar.<\/p>\n<p class=\"p3\">Si necesita m\u00e1s informaci\u00f3n acerca del bloqueo en su equipo de cookies, no dude en atender la explicaci\u00f3n que se le da en este enlace Web: http:\/\/windows.microsoft.com\/es-es\/windows-vista\/block-or-allow-cookies<\/p>\n<p class=\"p4\">Aunque las cookies son esenciales para el funcionamiento de internet, aportando innumerables ventajas en la prestaci\u00f3n de servicios interactivos, facilit\u00e1ndole la navegaci\u00f3n y el uso de nuestra web, las cookies no pueden da\u00f1ar su equipo y que, a cambio, el que est\u00e9n activadas nos ayudan a identificar y resolver los errores.<\/p>\n<ol class=\"ol1\">\n<li style=\"list-style-type: none;\">\n<ol class=\"ol1\">\n<li class=\"li2\"><b>TIPOS DE COOKIES:<\/b><\/li>\n<\/ol>\n<\/li>\n<\/ol>\n<p class=\"p3\">La informaci\u00f3n que le proporcionamos a continuaci\u00f3n, le ayudar\u00e1 a comprender los diferentes tipos de cookies.<\/p>\n<ul class=\"ul1\">\n<li class=\"li3\">Seg\u00fan quien sea la <b>entidad<\/b> que gestione las cookies:<\/li>\n<\/ul>\n<ul class=\"ul2\">\n<li class=\"li3\"><span class=\"s3\"><b>Cookies<\/b><\/span> <span class=\"s3\"><b>propias<\/b><\/span>: son aquellas que se env\u00edan al equipo terminal del usuario desde un equipo o dominio gestionado por el propio editor y desde el que presta el servicio solicitado por el usuario.<\/li>\n<li class=\"li3\"><span class=\"s3\"><b>Cookies de tercero<\/b><\/span>: son aquellas que se env\u00edan al equipo terminal del usuario desde un equipo o dominio que no es gestionado por el editor, sino por otra entidad que trata los datos obtenidos a trav\u00e9s de las cookies.<\/li>\n<\/ul>\n<ul class=\"ul1\">\n<li class=\"li3\">Seg\u00fan su <b>finalidad:<\/b><\/li>\n<\/ul>\n<ul class=\"ul2\">\n<li class=\"li3\"><span class=\"s3\"><b>Cookies t\u00e9cnicas<\/b><\/span>: aquellas que permiten al usuario la navegaci\u00f3n y la utilizaci\u00f3n de las diferentes opciones o servicios que en ella existen.<\/li>\n<li class=\"li3\"><span class=\"s3\"><b>Cookies de preferencias o personalizaci\u00f3n<\/b><\/span>: aquellas que permiten recordar informaci\u00f3n para que el usuario acceda al servicio con determinadas caracter\u00edsticas que puedan diferenciar su experiencia de la de otros usuarios (por ejemplo el idioma).<\/li>\n<li class=\"li3\"><span class=\"s3\"><b>Cookies de an\u00e1lisis o medici\u00f3n<\/b><\/span>: aquellas que permiten al responsable el seguimiento y an\u00e1lisis del comportamiento de los usuarios de los sitios web a los que est\u00e1n vinculadas.<\/li>\n<li class=\"li3\"><span class=\"s3\"><b>Cookies de publicidad comportamental<\/b><\/span>: son aquellas que almacena informaci\u00f3n del comportamiento de los usuarios obtenida a trav\u00e9s de la observaci\u00f3n continuada de sus h\u00e1bitos de navegaci\u00f3n.<\/li>\n<\/ul>\n<ul class=\"ul1\">\n<li class=\"li3\">Seg\u00fan <b>el tiempo<\/b> que permanecen activadas en el equipo terminal podemos distinguir:<\/li>\n<\/ul>\n<ul class=\"ul2\">\n<li class=\"li3\"><span class=\"s3\"><b>Cookies de sesi\u00f3n<\/b><\/span>: son cookies temporales que permanecen en el archivo de cookies de su navegador hasta que abandone la p\u00e1gina web, por lo que ninguna queda registrada en el disco duro del usuario. La informaci\u00f3n obtenida por medio de estas cookies, sirven para analizar pautas de tr\u00e1fico en la web. A la larga, esto nos permite proporcionar una mejor experiencia para mejorar el contenido y facilitando su uso.<\/li>\n<\/ul>\n<ul class=\"ul2\">\n<li class=\"li3\"><span class=\"s3\"><b>Cookies permanentes<\/b><\/span>: son almacenadas en el disco duro y nuestra web las lee cada vez que usted realiza una nueva visita. Una web permanente posee una fecha de expiraci\u00f3n determinada. La cookie dejar\u00e1 de funcionar despu\u00e9s de esa fecha. Las utilizamos, generalmente, para facilitar los servicios de compra y registro.<\/li>\n<\/ul>\n<p class=\"p3\">Adem\u00e1s le informamos que las cookies permiten obtener la siguiente informaci\u00f3n:<\/p>\n<ul class=\"ul1\">\n<li class=\"li3\">Fecha y hora de la \u00faltima vez que el usuario visit\u00f3 la Web<\/li>\n<li class=\"li3\">Dise\u00f1o de contenido que el usuario escogi\u00f3 en su primera visita a la web<\/li>\n<li class=\"li3\">Elementos de seguridad que intervienen en el control de acceso a las \u00e1reas restringidas<\/li>\n<li class=\"li3\">Otro tipo de informaci\u00f3n de determinadas cookies espec\u00edficas<\/li>\n<\/ul>\n<p class=\"p3\">En todo caso y en cumplimiento de la <b>\u201cLey de Cookies\u201d Ley 13\/2012 de 30 de marzo<\/b>, y del art. 22 de la LSSI, nuestra p\u00e1gina Web, en caso de instalar alguna cookie <span class=\"s3\"><b>le solicitar\u00e1 su consentimiento previo<\/b><\/span> a la instalaci\u00f3n de la misma en el mismo momento que indexe nuestra direcci\u00f3n Web.<\/p>\n","protected":false},"excerpt":{"rendered":"<p>POL\u00cdTICA DE COOKIES INFORMACI\u00d3N SOBRE LA UTILIZACI\u00d3N DE COOKIES &#8211; LEY DE COOKIES En esta Web se pueden estar utilizando cookies en algunas p\u00e1ginas. La finalidad de dichas cookies es mejorar el servicio que ofrecen a sus clientes y a nuestros visitantes. En caso de ser instaladas, el administrador de esta Web le solicitar\u00e1 su [&hellip;]<\/p>\n","protected":false},"author":1,"featured_media":0,"parent":0,"menu_order":0,"comment_status":"closed","ping_status":"closed","template":"","meta":[],"yoast_head":"<!-- This site is optimized with the Yoast SEO plugin v15.9 - https:\/\/yoast.com\/wordpress\/plugins\/seo\/ -->\n<title>Pol\u00edtica de cookies - bolboreta.es<\/title>\n<meta name=\"robots\" content=\"index, follow, max-snippet:-1, max-image-preview:large, max-video-preview:-1\" \/>\n<link rel=\"canonical\" href=\"https:\/\/www.bolboreta.es\/tienda\/politica-de-cookies\/\" \/>\n<meta property=\"og:locale\" content=\"es_ES\" \/>\n<meta property=\"og:type\" content=\"article\" \/>\n<meta property=\"og:title\" content=\"Pol\u00edtica de cookies - bolboreta.es\" \/>\n<meta property=\"og:description\" content=\"POL\u00cdTICA DE COOKIES INFORMACI\u00d3N SOBRE LA UTILIZACI\u00d3N DE COOKIES &#8211; LEY DE COOKIES En esta Web se pueden estar utilizando cookies en algunas p\u00e1ginas. La finalidad de dichas cookies es mejorar el servicio que ofrecen a sus clientes y a nuestros visitantes. En caso de ser instaladas, el administrador de esta Web le solicitar\u00e1 su [&hellip;]\" \/>\n<meta property=\"og:url\" content=\"https:\/\/www.bolboreta.es\/tienda\/politica-de-cookies\/\" \/>\n<meta property=\"og:site_name\" content=\"bolboreta.es\" \/>\n<meta name=\"twitter:card\" content=\"summary_large_image\" \/>\n<meta name=\"twitter:label1\" content=\"Tiempo de lectura\">\n\t<meta name=\"twitter:data1\" content=\"6 minutos\">\n<script type=\"application\/ld+json\" class=\"yoast-schema-graph\">{\"@context\":\"https:\/\/schema.org\",\"@graph\":[{\"@type\":\"WebSite\",\"@id\":\"https:\/\/www.bolboreta.es\/tienda\/#website\",\"url\":\"https:\/\/www.bolboreta.es\/tienda\/\",\"name\":\"bolboreta.es\",\"description\":\"ZAPATER\\u00cdA\",\"potentialAction\":[{\"@type\":\"SearchAction\",\"target\":\"https:\/\/www.bolboreta.es\/tienda\/?s={search_term_string}\",\"query-input\":\"required name=search_term_string\"}],\"inLanguage\":\"es\"},{\"@type\":\"WebPage\",\"@id\":\"https:\/\/www.bolboreta.es\/tienda\/politica-de-cookies\/#webpage\",\"url\":\"https:\/\/www.bolboreta.es\/tienda\/politica-de-cookies\/\",\"name\":\"Pol\\u00edtica de cookies - bolboreta.es\",\"isPartOf\":{\"@id\":\"https:\/\/www.bolboreta.es\/tienda\/#website\"},\"datePublished\":\"2020-09-10T12:40:48+00:00\",\"dateModified\":\"2020-09-10T12:40:48+00:00\",\"breadcrumb\":{\"@id\":\"https:\/\/www.bolboreta.es\/tienda\/politica-de-cookies\/#breadcrumb\"},\"inLanguage\":\"es\",\"potentialAction\":[{\"@type\":\"ReadAction\",\"target\":[\"https:\/\/www.bolboreta.es\/tienda\/politica-de-cookies\/\"]}]},{\"@type\":\"BreadcrumbList\",\"@id\":\"https:\/\/www.bolboreta.es\/tienda\/politica-de-cookies\/#breadcrumb\",\"itemListElement\":[{\"@type\":\"ListItem\",\"position\":1,\"item\":{\"@type\":\"WebPage\",\"@id\":\"https:\/\/www.bolboreta.es\/tienda\/\",\"url\":\"https:\/\/www.bolboreta.es\/tienda\/\",\"name\":\"Portada\"}},{\"@type\":\"ListItem\",\"position\":2,\"item\":{\"@type\":\"WebPage\",\"@id\":\"https:\/\/www.bolboreta.es\/tienda\/politica-de-cookies\/\",\"url\":\"https:\/\/www.bolboreta.es\/tienda\/politica-de-cookies\/\",\"name\":\"Pol\\u00edtica de cookies\"}}]}]}<\/script>\n<!-- \/ Yoast SEO plugin. -->","_links":{"self":[{"href":"https:\/\/www.bolboreta.es\/tienda\/wp-json\/wp\/v2\/pages\/11193"}],"collection":[{"href":"https:\/\/www.bolboreta.es\/tienda\/wp-json\/wp\/v2\/pages"}],"about":[{"href":"https:\/\/www.bolboreta.es\/tienda\/wp-json\/wp\/v2\/types\/page"}],"author":[{"embeddable":true,"href":"https:\/\/www.bolboreta.es\/tienda\/wp-json\/wp\/v2\/users\/1"}],"replies":[{"embeddable":true,"href":"https:\/\/www.bolboreta.es\/tienda\/wp-json\/wp\/v2\/comments?post=11193"}],"version-history":[{"count":0,"href":"https:\/\/www.bolboreta.es\/tienda\/wp-json\/wp\/v2\/pages\/11193\/revisions"}],"wp:attachment":[{"href":"https:\/\/www.bolboreta.es\/tienda\/wp-json\/wp\/v2\/media?parent=11193"}],"curies":[{"name":"wp","href":"https:\/\/api.w.org\/{rel}","templated":true}]}}